{"id":184,"date":"2025-03-11T20:00:05","date_gmt":"2025-03-11T19:00:05","guid":{"rendered":"https:\/\/manuluck.com\/?page_id=184"},"modified":"2026-02-26T08:49:05","modified_gmt":"2026-02-26T07:49:05","slug":"about","status":"publish","type":"page","link":"https:\/\/manuluck.com\/en\/about\/","title":{"rendered":"About"},"content":{"rendered":"<div data-elementor-type=\"wp-page\" data-elementor-id=\"184\" class=\"elementor elementor-184\" data-elementor-post-type=\"page\">\n\t\t\t\t<div class=\"elementor-element elementor-element-05aa813 e-flex e-con-boxed e-con e-parent\" data-id=\"05aa813\" data-element_type=\"container\">\n\t\t\t\t\t<div class=\"e-con-inner\">\n\t\t<div class=\"elementor-element elementor-element-0ead814 e-con-full e-flex e-con e-child\" data-id=\"0ead814\" data-element_type=\"container\">\n\t\t\t\t<div class=\"elementor-element elementor-element-ced8818 elementor-widget elementor-widget-image\" data-id=\"ced8818\" data-element_type=\"widget\" data-widget_type=\"image.default\">\n\t\t\t\t<div class=\"elementor-widget-container\">\n\t\t\t\t\t\t\t\t\t\t\t\t\t\t\t<img fetchpriority=\"high\" decoding=\"async\" width=\"800\" height=\"960\" src=\"https:\/\/manuluck.com\/wp-content\/uploads\/2025\/07\/foto-Manu-Luck_-853x1024.jpg\" class=\"attachment-large size-large wp-image-231\" alt=\"\" srcset=\"https:\/\/manuluck.com\/wp-content\/uploads\/2025\/07\/foto-Manu-Luck_-853x1024.jpg 853w, https:\/\/manuluck.com\/wp-content\/uploads\/2025\/07\/foto-Manu-Luck_-250x300.jpg 250w, https:\/\/manuluck.com\/wp-content\/uploads\/2025\/07\/foto-Manu-Luck_-768x922.jpg 768w, https:\/\/manuluck.com\/wp-content\/uploads\/2025\/07\/foto-Manu-Luck_-1279x1536.jpg 1279w, https:\/\/manuluck.com\/wp-content\/uploads\/2025\/07\/foto-Manu-Luck_-1705x2048.jpg 1705w\" sizes=\"(max-width: 800px) 100vw, 800px\" \/>\t\t\t\t\t\t\t\t\t\t\t\t\t\t\t<\/div>\n\t\t\t\t<\/div>\n\t\t\t\t<\/div>\n\t\t<div class=\"elementor-element elementor-element-857cb28 e-con-full e-flex e-con e-child\" data-id=\"857cb28\" data-element_type=\"container\">\n\t\t\t\t<div class=\"elementor-element elementor-element-f90832f elementor-widget elementor-widget-heading\" data-id=\"f90832f\" data-element_type=\"widget\" data-widget_type=\"heading.default\">\n\t\t\t\t<div class=\"elementor-widget-container\">\n\t\t\t\t\t<h2 class=\"elementor-heading-title elementor-size-default\">Hi, I am Manu!<\/h2>\t\t\t\t<\/div>\n\t\t\t\t<\/div>\n\t\t\t\t<div class=\"elementor-element elementor-element-5c2caa2 elementor-widget elementor-widget-text-editor\" data-id=\"5c2caa2\" data-element_type=\"widget\" data-widget_type=\"text-editor.default\">\n\t\t\t\t<div class=\"elementor-widget-container\">\n\t\t\t\t\t\t\t\t\t<p>freelance illustrator, designer and creative director from and based out of Granada, Spain.<\/p>\n<p>I studied art and design in my city and Koszalin (Poland), being graduated from the University of Granada. Beyond art, I love cooking, swimming and learning from nature.<\/p>\n<p>My specialty is collage illustration, where I combine different handcrafted and digital techniques to create an unique and distinctive visual result. I love building scenes full of detail and curious characters, all wrapped in a subtle vintage feel. I also animate my illustrations in 2D. For me, ideas and concept are the cornerstone of everything.<\/p>\n<p>In these times of immediacy, appearances, and artificial intelligence, I value genuine creative processes more than ever. Because only through knowledge, trial and error, and chance can we approach brilliance. I work by and for people.<\/p>\t\t\t\t\t\t\t\t<\/div>\n\t\t\t\t<\/div>\n\t\t\t\t<\/div>\n\t\t\t\t\t<\/div>\n\t\t\t\t<\/div>\n\t\t\t\t<\/div>","protected":false},"excerpt":{"rendered":"<p>\u00a1Hola, soy Manu! Ilustrador, dise\u00f1ador gr\u00e1fico y director creativo freelance, de Granada, Espa\u00f1a. Estudi\u00e9 arte y dise\u00f1o en la Universidad de Granada y en la Universidad Polit\u00e9cnica de Koszalin (Polonia). Adem\u00e1s del arte, me encanta cocinar, nadar y aprender de la naturaleza. Mi especialidad es la ilustraci\u00f3n con collage, donde combino diferentes t\u00e9cnicas artesanas y [&hellip;]<\/p>","protected":false},"author":1,"featured_media":0,"parent":0,"menu_order":0,"comment_status":"closed","ping_status":"closed","template":"","meta":{"_acf_changed":false,"footnotes":""},"class_list":["post-184","page","type-page","status-publish","hentry"],"acf":[],"_links":{"self":[{"href":"https:\/\/manuluck.com\/en\/wp-json\/wp\/v2\/pages\/184","targetHints":{"allow":["GET"]}}],"collection":[{"href":"https:\/\/manuluck.com\/en\/wp-json\/wp\/v2\/pages"}],"about":[{"href":"https:\/\/manuluck.com\/en\/wp-json\/wp\/v2\/types\/page"}],"author":[{"embeddable":true,"href":"https:\/\/manuluck.com\/en\/wp-json\/wp\/v2\/users\/1"}],"replies":[{"embeddable":true,"href":"https:\/\/manuluck.com\/en\/wp-json\/wp\/v2\/comments?post=184"}],"version-history":[{"count":0,"href":"https:\/\/manuluck.com\/en\/wp-json\/wp\/v2\/pages\/184\/revisions"}],"wp:attachment":[{"href":"https:\/\/manuluck.com\/en\/wp-json\/wp\/v2\/media?parent=184"}],"curies":[{"name":"wp","href":"https:\/\/api.w.org\/{rel}","templated":true}]}}